{"id":7148,"date":"2022-10-02T12:13:50","date_gmt":"2022-10-02T10:13:50","guid":{"rendered":"https:\/\/impozant.sk\/kongresy\/sala-fatra\/"},"modified":"2024-04-02T11:08:07","modified_gmt":"2024-04-02T09:08:07","slug":"sala-fatra","status":"publish","type":"page","link":"https:\/\/mail.impozant.sk\/pl\/kongresy\/sala-fatra\/","title":{"rendered":"Sala Fatra"},"content":{"rendered":"<p>Wyj\u0105tkowo\u015b\u0107 Sali Fatra na parterze uzupe\u0142nia przeszklona \u015bciana panoramiczna z widokiem na otaczaj\u0105c\u0105 przyrod\u0119, kt\u00f3ra nada wydarzeniu nowy wymiar.<\/p>\n","protected":false},"excerpt":{"rendered":"<p>Wyj\u0105tkowo\u015b\u0107 Sali Fatra na parterze uzupe\u0142nia przeszklona \u015bciana panoramiczna z widokiem na otaczaj\u0105c\u0105 przyrod\u0119, kt\u00f3ra nada wydarzeniu nowy wymiar.<\/p>\n","protected":false},"author":1,"featured_media":0,"parent":7115,"menu_order":1,"comment_status":"closed","ping_status":"closed","template":"template\/tpl-flexible-content.php","meta":{"_acf_changed":false,"inline_featured_image":false,"footnotes":""},"class_list":["post-7148","page","type-page","status-publish","hentry"],"acf":[],"_links":{"self":[{"href":"https:\/\/mail.impozant.sk\/pl\/wp-json\/wp\/v2\/pages\/7148","targetHints":{"allow":["GET"]}}],"collection":[{"href":"https:\/\/mail.impozant.sk\/pl\/wp-json\/wp\/v2\/pages"}],"about":[{"href":"https:\/\/mail.impozant.sk\/pl\/wp-json\/wp\/v2\/types\/page"}],"author":[{"embeddable":true,"href":"https:\/\/mail.impozant.sk\/pl\/wp-json\/wp\/v2\/users\/1"}],"replies":[{"embeddable":true,"href":"https:\/\/mail.impozant.sk\/pl\/wp-json\/wp\/v2\/comments?post=7148"}],"version-history":[{"count":3,"href":"https:\/\/mail.impozant.sk\/pl\/wp-json\/wp\/v2\/pages\/7148\/revisions"}],"predecessor-version":[{"id":9096,"href":"https:\/\/mail.impozant.sk\/pl\/wp-json\/wp\/v2\/pages\/7148\/revisions\/9096"}],"up":[{"embeddable":true,"href":"https:\/\/mail.impozant.sk\/pl\/wp-json\/wp\/v2\/pages\/7115"}],"wp:attachment":[{"href":"https:\/\/mail.impozant.sk\/pl\/wp-json\/wp\/v2\/media?parent=7148"}],"curies":[{"name":"wp","href":"https:\/\/api.w.org\/{rel}","templated":true}]}}